{"id":2057,"date":"2020-03-25T07:06:23","date_gmt":"2020-03-24T20:06:23","guid":{"rendered":"https:\/\/nou.casalcatalansw.com\/producte\/samarreta-home-del-casal\/"},"modified":"2023-09-11T14:37:03","modified_gmt":"2023-09-11T04:37:03","slug":"samarreta-home-del-casal","status":"publish","type":"product","link":"https:\/\/casalcatalansw.com\/en\/producte\/samarreta-home-del-casal\/","title":{"rendered":"Samarreta UNISEX ampla"},"content":{"rendered":"<span class=\"et_bloom_bottom_trigger\"><\/span>","protected":false},"excerpt":{"rendered":"<p>La nova samarreta del Casal \u00e9s \u00fanica i queda la mar de b\u00e9. \u00c9s perfecta per p\u00edcnics i barbacoes, per anar a buscar bolets, per lluir de la teva terra i per participar en les activitats del Casal.<\/p>\n<p><strong>La difer\u00e8ncia principal amb la samarreta unisex entallada, \u00e9s que aquest model t\u00e9 les m\u00e0nigues m\u00e9s llargues.\u00a0<\/strong><\/p>\n<p>El model porta la talla M.<br \/>\n100% cot\u00f3.<br \/>\nDisponible \u00fanicament en color blau mar\u00ed fosc amb la imatge i el text en groc-mostassa i vermell. L&#8217;esquena de la samarreta<\/p>\n","protected":false},"featured_media":2058,"comment_status":"open","ping_status":"closed","template":"","meta":{"_acf_changed":false,"nf_dc_page":"","_et_pb_use_builder":"","_et_pb_old_content":"","_et_gb_content_width":"","inline_featured_image":false},"product_brand":[],"product_cat":[50],"product_tag":[51,54,53],"class_list":{"0":"post-2057","1":"product","2":"type-product","3":"status-publish","4":"has-post-thumbnail","6":"product_cat-samarretes","7":"product_tag-casalcatalansw","8":"product_tag-home","9":"product_tag-samarreta","11":"first","12":"outofstock","13":"shipping-taxable","14":"purchasable","15":"product-type-variable"},"acf":[],"yoast_head":"<!-- This site is optimized with the Yoast SEO plugin v27.4 - https:\/\/yoast.com\/product\/yoast-seo-wordpress\/ -->\n<title>Samarreta UNISEX ampla - Casal Catal\u00e0 New South Wales<\/title>\n<meta name=\"robots\" content=\"index, follow, max-snippet:-1, max-image-preview:large, max-video-preview:-1\" \/>\n<link rel=\"canonical\" href=\"https:\/\/casalcatalansw.com\/en\/producte\/samarreta-home-del-casal\/\" \/>\n<meta property=\"og:locale\" content=\"en_US\" \/>\n<meta property=\"og:type\" content=\"article\" \/>\n<meta property=\"og:title\" content=\"Samarreta UNISEX ampla - Casal Catal\u00e0 New South Wales\" \/>\n<meta property=\"og:description\" content=\"La nova samarreta del Casal \u00e9s \u00fanica i queda la mar de b\u00e9. \u00c9s perfecta per p\u00edcnics i barbacoes, per anar a buscar bolets, per lluir de la teva terra i per participar en les activitats del Casal.  La difer\u00e8ncia principal amb la samarreta unisex entallada, \u00e9s que aquest model t\u00e9 les m\u00e0nigues m\u00e9s llargues.\u00a0  El model porta la talla M. 100% cot\u00f3. Disponible \u00fanicament en color blau mar\u00ed fosc amb la imatge i el text en groc-mostassa i vermell. L&#039;esquena de la samarreta\" \/>\n<meta property=\"og:url\" content=\"https:\/\/casalcatalansw.com\/en\/producte\/samarreta-home-del-casal\/\" \/>\n<meta property=\"og:site_name\" content=\"Casal Catal\u00e0 New South Wales\" \/>\n<meta property=\"article:modified_time\" content=\"2023-09-11T04:37:03+00:00\" \/>\n<meta property=\"og:image\" content=\"https:\/\/casalcatalansw.com\/wp-content\/uploads\/2021\/10\/CCNSW_Samarreta2020_Ampla.jpg\" \/>\n\t<meta property=\"og:image:width\" content=\"768\" \/>\n\t<meta property=\"og:image:height\" content=\"768\" \/>\n\t<meta property=\"og:image:type\" content=\"image\/jpeg\" \/>\n<meta name=\"twitter:card\" content=\"summary_large_image\" \/>\n<script type=\"application\/ld+json\" class=\"yoast-schema-graph\">{\"@context\":\"https:\\\/\\\/schema.org\",\"@graph\":[{\"@type\":\"WebPage\",\"@id\":\"https:\\\/\\\/casalcatalansw.com\\\/en\\\/producte\\\/samarreta-home-del-casal\\\/\",\"url\":\"https:\\\/\\\/casalcatalansw.com\\\/en\\\/producte\\\/samarreta-home-del-casal\\\/\",\"name\":\"Samarreta UNISEX ampla - Casal Catal\u00e0 New South Wales\",\"isPartOf\":{\"@id\":\"https:\\\/\\\/casalcatalansw.com\\\/en\\\/#website\"},\"primaryImageOfPage\":{\"@id\":\"https:\\\/\\\/casalcatalansw.com\\\/en\\\/producte\\\/samarreta-home-del-casal\\\/#primaryimage\"},\"image\":{\"@id\":\"https:\\\/\\\/casalcatalansw.com\\\/en\\\/producte\\\/samarreta-home-del-casal\\\/#primaryimage\"},\"thumbnailUrl\":\"https:\\\/\\\/casalcatalansw.com\\\/wp-content\\\/uploads\\\/2021\\\/10\\\/CCNSW_Samarreta2020_Ampla.jpg\",\"datePublished\":\"2020-03-24T20:06:23+00:00\",\"dateModified\":\"2023-09-11T04:37:03+00:00\",\"breadcrumb\":{\"@id\":\"https:\\\/\\\/casalcatalansw.com\\\/en\\\/producte\\\/samarreta-home-del-casal\\\/#breadcrumb\"},\"inLanguage\":\"en-US\",\"potentialAction\":[{\"@type\":\"ReadAction\",\"target\":[\"https:\\\/\\\/casalcatalansw.com\\\/en\\\/producte\\\/samarreta-home-del-casal\\\/\"]}]},{\"@type\":\"ImageObject\",\"inLanguage\":\"en-US\",\"@id\":\"https:\\\/\\\/casalcatalansw.com\\\/en\\\/producte\\\/samarreta-home-del-casal\\\/#primaryimage\",\"url\":\"https:\\\/\\\/casalcatalansw.com\\\/wp-content\\\/uploads\\\/2021\\\/10\\\/CCNSW_Samarreta2020_Ampla.jpg\",\"contentUrl\":\"https:\\\/\\\/casalcatalansw.com\\\/wp-content\\\/uploads\\\/2021\\\/10\\\/CCNSW_Samarreta2020_Ampla.jpg\",\"width\":768,\"height\":768,\"caption\":\"Samarreta amb disseny inspirat en el logotip del Casal Catal\u00e0 de NSW\"},{\"@type\":\"BreadcrumbList\",\"@id\":\"https:\\\/\\\/casalcatalansw.com\\\/en\\\/producte\\\/samarreta-home-del-casal\\\/#breadcrumb\",\"itemListElement\":[{\"@type\":\"ListItem\",\"position\":1,\"name\":\"Inici\",\"item\":\"https:\\\/\\\/casalcatalansw.com\\\/en\\\/home\\\/\"},{\"@type\":\"ListItem\",\"position\":2,\"name\":\"Shop\",\"item\":\"https:\\\/\\\/casalcatalansw.com\\\/en\\\/shop\\\/\"},{\"@type\":\"ListItem\",\"position\":3,\"name\":\"Samarreta UNISEX ampla\"}]},{\"@type\":\"WebSite\",\"@id\":\"https:\\\/\\\/casalcatalansw.com\\\/en\\\/#website\",\"url\":\"https:\\\/\\\/casalcatalansw.com\\\/en\\\/\",\"name\":\"Casal Catal\u00e0 New South Wales\",\"description\":\"\",\"potentialAction\":[{\"@type\":\"SearchAction\",\"target\":{\"@type\":\"EntryPoint\",\"urlTemplate\":\"https:\\\/\\\/casalcatalansw.com\\\/en\\\/?s={search_term_string}\"},\"query-input\":{\"@type\":\"PropertyValueSpecification\",\"valueRequired\":true,\"valueName\":\"search_term_string\"}}],\"inLanguage\":\"en-US\"}]}<\/script>\n<!-- \/ Yoast SEO plugin. -->","yoast_head_json":{"title":"Samarreta UNISEX ampla - Casal Catal\u00e0 New South Wales","robots":{"index":"index","follow":"follow","max-snippet":"max-snippet:-1","max-image-preview":"max-image-preview:large","max-video-preview":"max-video-preview:-1"},"canonical":"https:\/\/casalcatalansw.com\/en\/producte\/samarreta-home-del-casal\/","og_locale":"en_US","og_type":"article","og_title":"Samarreta UNISEX ampla - Casal Catal\u00e0 New South Wales","og_description":"La nova samarreta del Casal \u00e9s \u00fanica i queda la mar de b\u00e9. \u00c9s perfecta per p\u00edcnics i barbacoes, per anar a buscar bolets, per lluir de la teva terra i per participar en les activitats del Casal.  La difer\u00e8ncia principal amb la samarreta unisex entallada, \u00e9s que aquest model t\u00e9 les m\u00e0nigues m\u00e9s llargues.\u00a0  El model porta la talla M. 100% cot\u00f3. Disponible \u00fanicament en color blau mar\u00ed fosc amb la imatge i el text en groc-mostassa i vermell. L'esquena de la samarreta","og_url":"https:\/\/casalcatalansw.com\/en\/producte\/samarreta-home-del-casal\/","og_site_name":"Casal Catal\u00e0 New South Wales","article_modified_time":"2023-09-11T04:37:03+00:00","og_image":[{"width":768,"height":768,"url":"https:\/\/casalcatalansw.com\/wp-content\/uploads\/2021\/10\/CCNSW_Samarreta2020_Ampla.jpg","type":"image\/jpeg"}],"twitter_card":"summary_large_image","schema":{"@context":"https:\/\/schema.org","@graph":[{"@type":"WebPage","@id":"https:\/\/casalcatalansw.com\/en\/producte\/samarreta-home-del-casal\/","url":"https:\/\/casalcatalansw.com\/en\/producte\/samarreta-home-del-casal\/","name":"Samarreta UNISEX ampla - Casal Catal\u00e0 New South Wales","isPartOf":{"@id":"https:\/\/casalcatalansw.com\/en\/#website"},"primaryImageOfPage":{"@id":"https:\/\/casalcatalansw.com\/en\/producte\/samarreta-home-del-casal\/#primaryimage"},"image":{"@id":"https:\/\/casalcatalansw.com\/en\/producte\/samarreta-home-del-casal\/#primaryimage"},"thumbnailUrl":"https:\/\/casalcatalansw.com\/wp-content\/uploads\/2021\/10\/CCNSW_Samarreta2020_Ampla.jpg","datePublished":"2020-03-24T20:06:23+00:00","dateModified":"2023-09-11T04:37:03+00:00","breadcrumb":{"@id":"https:\/\/casalcatalansw.com\/en\/producte\/samarreta-home-del-casal\/#breadcrumb"},"inLanguage":"en-US","potentialAction":[{"@type":"ReadAction","target":["https:\/\/casalcatalansw.com\/en\/producte\/samarreta-home-del-casal\/"]}]},{"@type":"ImageObject","inLanguage":"en-US","@id":"https:\/\/casalcatalansw.com\/en\/producte\/samarreta-home-del-casal\/#primaryimage","url":"https:\/\/casalcatalansw.com\/wp-content\/uploads\/2021\/10\/CCNSW_Samarreta2020_Ampla.jpg","contentUrl":"https:\/\/casalcatalansw.com\/wp-content\/uploads\/2021\/10\/CCNSW_Samarreta2020_Ampla.jpg","width":768,"height":768,"caption":"Samarreta amb disseny inspirat en el logotip del Casal Catal\u00e0 de NSW"},{"@type":"BreadcrumbList","@id":"https:\/\/casalcatalansw.com\/en\/producte\/samarreta-home-del-casal\/#breadcrumb","itemListElement":[{"@type":"ListItem","position":1,"name":"Inici","item":"https:\/\/casalcatalansw.com\/en\/home\/"},{"@type":"ListItem","position":2,"name":"Shop","item":"https:\/\/casalcatalansw.com\/en\/shop\/"},{"@type":"ListItem","position":3,"name":"Samarreta UNISEX ampla"}]},{"@type":"WebSite","@id":"https:\/\/casalcatalansw.com\/en\/#website","url":"https:\/\/casalcatalansw.com\/en\/","name":"Casal Catal\u00e0 New South Wales","description":"","potentialAction":[{"@type":"SearchAction","target":{"@type":"EntryPoint","urlTemplate":"https:\/\/casalcatalansw.com\/en\/?s={search_term_string}"},"query-input":{"@type":"PropertyValueSpecification","valueRequired":true,"valueName":"search_term_string"}}],"inLanguage":"en-US"}]}},"_links":{"self":[{"href":"https:\/\/casalcatalansw.com\/en\/wp-json\/wp\/v2\/product\/2057","targetHints":{"allow":["GET"]}}],"collection":[{"href":"https:\/\/casalcatalansw.com\/en\/wp-json\/wp\/v2\/product"}],"about":[{"href":"https:\/\/casalcatalansw.com\/en\/wp-json\/wp\/v2\/types\/product"}],"replies":[{"embeddable":true,"href":"https:\/\/casalcatalansw.com\/en\/wp-json\/wp\/v2\/comments?post=2057"}],"wp:featuredmedia":[{"embeddable":true,"href":"https:\/\/casalcatalansw.com\/en\/wp-json\/wp\/v2\/media\/2058"}],"wp:attachment":[{"href":"https:\/\/casalcatalansw.com\/en\/wp-json\/wp\/v2\/media?parent=2057"}],"wp:term":[{"taxonomy":"product_brand","embeddable":true,"href":"https:\/\/casalcatalansw.com\/en\/wp-json\/wp\/v2\/product_brand?post=2057"},{"taxonomy":"product_cat","embeddable":true,"href":"https:\/\/casalcatalansw.com\/en\/wp-json\/wp\/v2\/product_cat?post=2057"},{"taxonomy":"product_tag","embeddable":true,"href":"https:\/\/casalcatalansw.com\/en\/wp-json\/wp\/v2\/product_tag?post=2057"}],"curies":[{"name":"wp","href":"https:\/\/api.w.org\/{rel}","templated":true}]}}