{"id":2050,"date":"2020-03-25T07:06:10","date_gmt":"2020-03-24T20:06:10","guid":{"rendered":"https:\/\/nou.casalcatalansw.com\/producte\/samarreta-dona-del-casal\/"},"modified":"2023-09-11T14:38:57","modified_gmt":"2023-09-11T04:38:57","slug":"samarreta-dona-del-casal","status":"publish","type":"product","link":"https:\/\/casalcatalansw.com\/en\/producte\/samarreta-dona-del-casal\/","title":{"rendered":"2020 Samarreta UNISEX entallada"},"content":{"rendered":"<span class=\"et_bloom_bottom_trigger\"><\/span>","protected":false},"excerpt":{"rendered":"<p>La nova samarreta del Casal \u00e9s \u00fanica i queda la mar de b\u00e9. \u00c9s perfecta per p\u00edcnics i barbacoes, per anar a buscar bolets, per lluir de la teva terra i per participar en les activitats del Casal.<\/p>\n<p>Aquest model t\u00e9 les m\u00e0nigues curtes i queda entallada. La model dona porta la talla 12 i el model home la talla 14.<\/p>\n<p>100% cot\u00f3.<br \/>\nDisponible \u00fanicament en color blau mar\u00ed fosc amb la imatge i el text en groc-mostassa i vermell. No t\u00e9 cap imatge a l&#8217;esquena.<\/p>\n","protected":false},"featured_media":2051,"comment_status":"open","ping_status":"closed","template":"","meta":{"_acf_changed":false,"nf_dc_page":"","_et_pb_use_builder":"","_et_pb_old_content":"","_et_gb_content_width":"","inline_featured_image":false},"product_brand":[],"product_cat":[50],"product_tag":[51,52,53],"class_list":{"0":"post-2050","1":"product","2":"type-product","3":"status-publish","4":"has-post-thumbnail","6":"product_cat-samarretes","7":"product_tag-casalcatalansw","8":"product_tag-dona","9":"product_tag-samarreta","11":"first","12":"outofstock","13":"shipping-taxable","14":"purchasable","15":"product-type-variable"},"acf":[],"yoast_head":"<!-- This site is optimized with the Yoast SEO plugin v27.4 - https:\/\/yoast.com\/product\/yoast-seo-wordpress\/ -->\n<title>2020 Samarreta UNISEX entallada - Casal Catal\u00e0 New South Wales<\/title>\n<meta name=\"robots\" content=\"index, follow, max-snippet:-1, max-image-preview:large, max-video-preview:-1\" \/>\n<link rel=\"canonical\" href=\"https:\/\/casalcatalansw.com\/en\/producte\/samarreta-dona-del-casal\/\" \/>\n<meta property=\"og:locale\" content=\"en_US\" \/>\n<meta property=\"og:type\" content=\"article\" \/>\n<meta property=\"og:title\" content=\"2020 Samarreta UNISEX entallada - Casal Catal\u00e0 New South Wales\" \/>\n<meta property=\"og:description\" content=\"La nova samarreta del Casal \u00e9s \u00fanica i queda la mar de b\u00e9. \u00c9s perfecta per p\u00edcnics i barbacoes, per anar a buscar bolets, per lluir de la teva terra i per participar en les activitats del Casal.  Aquest model t\u00e9 les m\u00e0nigues curtes i queda entallada. La model dona porta la talla 12 i el model home la talla 14.  100% cot\u00f3. Disponible \u00fanicament en color blau mar\u00ed fosc amb la imatge i el text en groc-mostassa i vermell. No t\u00e9 cap imatge a l&#039;esquena.\" \/>\n<meta property=\"og:url\" content=\"https:\/\/casalcatalansw.com\/en\/producte\/samarreta-dona-del-casal\/\" \/>\n<meta property=\"og:site_name\" content=\"Casal Catal\u00e0 New South Wales\" \/>\n<meta property=\"article:modified_time\" content=\"2023-09-11T04:38:57+00:00\" \/>\n<meta property=\"og:image\" content=\"https:\/\/casalcatalansw.com\/wp-content\/uploads\/2021\/10\/CCNSW_Samarreta2020_Dona.jpg\" \/>\n\t<meta property=\"og:image:width\" content=\"768\" \/>\n\t<meta property=\"og:image:height\" content=\"768\" \/>\n\t<meta property=\"og:image:type\" content=\"image\/jpeg\" \/>\n<meta name=\"twitter:card\" content=\"summary_large_image\" \/>\n<script type=\"application\/ld+json\" class=\"yoast-schema-graph\">{\"@context\":\"https:\\\/\\\/schema.org\",\"@graph\":[{\"@type\":\"WebPage\",\"@id\":\"https:\\\/\\\/casalcatalansw.com\\\/en\\\/producte\\\/samarreta-dona-del-casal\\\/\",\"url\":\"https:\\\/\\\/casalcatalansw.com\\\/en\\\/producte\\\/samarreta-dona-del-casal\\\/\",\"name\":\"2020 Samarreta UNISEX entallada - Casal Catal\u00e0 New South Wales\",\"isPartOf\":{\"@id\":\"https:\\\/\\\/casalcatalansw.com\\\/en\\\/#website\"},\"primaryImageOfPage\":{\"@id\":\"https:\\\/\\\/casalcatalansw.com\\\/en\\\/producte\\\/samarreta-dona-del-casal\\\/#primaryimage\"},\"image\":{\"@id\":\"https:\\\/\\\/casalcatalansw.com\\\/en\\\/producte\\\/samarreta-dona-del-casal\\\/#primaryimage\"},\"thumbnailUrl\":\"https:\\\/\\\/casalcatalansw.com\\\/wp-content\\\/uploads\\\/2021\\\/10\\\/CCNSW_Samarreta2020_Dona.jpg\",\"datePublished\":\"2020-03-24T20:06:10+00:00\",\"dateModified\":\"2023-09-11T04:38:57+00:00\",\"breadcrumb\":{\"@id\":\"https:\\\/\\\/casalcatalansw.com\\\/en\\\/producte\\\/samarreta-dona-del-casal\\\/#breadcrumb\"},\"inLanguage\":\"en-US\",\"potentialAction\":[{\"@type\":\"ReadAction\",\"target\":[\"https:\\\/\\\/casalcatalansw.com\\\/en\\\/producte\\\/samarreta-dona-del-casal\\\/\"]}]},{\"@type\":\"ImageObject\",\"inLanguage\":\"en-US\",\"@id\":\"https:\\\/\\\/casalcatalansw.com\\\/en\\\/producte\\\/samarreta-dona-del-casal\\\/#primaryimage\",\"url\":\"https:\\\/\\\/casalcatalansw.com\\\/wp-content\\\/uploads\\\/2021\\\/10\\\/CCNSW_Samarreta2020_Dona.jpg\",\"contentUrl\":\"https:\\\/\\\/casalcatalansw.com\\\/wp-content\\\/uploads\\\/2021\\\/10\\\/CCNSW_Samarreta2020_Dona.jpg\",\"width\":768,\"height\":768,\"caption\":\"Samarreta del Casal Catal\u00e0 de NSW\"},{\"@type\":\"BreadcrumbList\",\"@id\":\"https:\\\/\\\/casalcatalansw.com\\\/en\\\/producte\\\/samarreta-dona-del-casal\\\/#breadcrumb\",\"itemListElement\":[{\"@type\":\"ListItem\",\"position\":1,\"name\":\"Inici\",\"item\":\"https:\\\/\\\/casalcatalansw.com\\\/en\\\/home\\\/\"},{\"@type\":\"ListItem\",\"position\":2,\"name\":\"Shop\",\"item\":\"https:\\\/\\\/casalcatalansw.com\\\/en\\\/shop\\\/\"},{\"@type\":\"ListItem\",\"position\":3,\"name\":\"2020 Samarreta UNISEX entallada\"}]},{\"@type\":\"WebSite\",\"@id\":\"https:\\\/\\\/casalcatalansw.com\\\/en\\\/#website\",\"url\":\"https:\\\/\\\/casalcatalansw.com\\\/en\\\/\",\"name\":\"Casal Catal\u00e0 New South Wales\",\"description\":\"\",\"potentialAction\":[{\"@type\":\"SearchAction\",\"target\":{\"@type\":\"EntryPoint\",\"urlTemplate\":\"https:\\\/\\\/casalcatalansw.com\\\/en\\\/?s={search_term_string}\"},\"query-input\":{\"@type\":\"PropertyValueSpecification\",\"valueRequired\":true,\"valueName\":\"search_term_string\"}}],\"inLanguage\":\"en-US\"}]}<\/script>\n<!-- \/ Yoast SEO plugin. -->","yoast_head_json":{"title":"2020 Samarreta UNISEX entallada - Casal Catal\u00e0 New South Wales","robots":{"index":"index","follow":"follow","max-snippet":"max-snippet:-1","max-image-preview":"max-image-preview:large","max-video-preview":"max-video-preview:-1"},"canonical":"https:\/\/casalcatalansw.com\/en\/producte\/samarreta-dona-del-casal\/","og_locale":"en_US","og_type":"article","og_title":"2020 Samarreta UNISEX entallada - Casal Catal\u00e0 New South Wales","og_description":"La nova samarreta del Casal \u00e9s \u00fanica i queda la mar de b\u00e9. \u00c9s perfecta per p\u00edcnics i barbacoes, per anar a buscar bolets, per lluir de la teva terra i per participar en les activitats del Casal.  Aquest model t\u00e9 les m\u00e0nigues curtes i queda entallada. La model dona porta la talla 12 i el model home la talla 14.  100% cot\u00f3. Disponible \u00fanicament en color blau mar\u00ed fosc amb la imatge i el text en groc-mostassa i vermell. No t\u00e9 cap imatge a l'esquena.","og_url":"https:\/\/casalcatalansw.com\/en\/producte\/samarreta-dona-del-casal\/","og_site_name":"Casal Catal\u00e0 New South Wales","article_modified_time":"2023-09-11T04:38:57+00:00","og_image":[{"width":768,"height":768,"url":"https:\/\/casalcatalansw.com\/wp-content\/uploads\/2021\/10\/CCNSW_Samarreta2020_Dona.jpg","type":"image\/jpeg"}],"twitter_card":"summary_large_image","schema":{"@context":"https:\/\/schema.org","@graph":[{"@type":"WebPage","@id":"https:\/\/casalcatalansw.com\/en\/producte\/samarreta-dona-del-casal\/","url":"https:\/\/casalcatalansw.com\/en\/producte\/samarreta-dona-del-casal\/","name":"2020 Samarreta UNISEX entallada - Casal Catal\u00e0 New South Wales","isPartOf":{"@id":"https:\/\/casalcatalansw.com\/en\/#website"},"primaryImageOfPage":{"@id":"https:\/\/casalcatalansw.com\/en\/producte\/samarreta-dona-del-casal\/#primaryimage"},"image":{"@id":"https:\/\/casalcatalansw.com\/en\/producte\/samarreta-dona-del-casal\/#primaryimage"},"thumbnailUrl":"https:\/\/casalcatalansw.com\/wp-content\/uploads\/2021\/10\/CCNSW_Samarreta2020_Dona.jpg","datePublished":"2020-03-24T20:06:10+00:00","dateModified":"2023-09-11T04:38:57+00:00","breadcrumb":{"@id":"https:\/\/casalcatalansw.com\/en\/producte\/samarreta-dona-del-casal\/#breadcrumb"},"inLanguage":"en-US","potentialAction":[{"@type":"ReadAction","target":["https:\/\/casalcatalansw.com\/en\/producte\/samarreta-dona-del-casal\/"]}]},{"@type":"ImageObject","inLanguage":"en-US","@id":"https:\/\/casalcatalansw.com\/en\/producte\/samarreta-dona-del-casal\/#primaryimage","url":"https:\/\/casalcatalansw.com\/wp-content\/uploads\/2021\/10\/CCNSW_Samarreta2020_Dona.jpg","contentUrl":"https:\/\/casalcatalansw.com\/wp-content\/uploads\/2021\/10\/CCNSW_Samarreta2020_Dona.jpg","width":768,"height":768,"caption":"Samarreta del Casal Catal\u00e0 de NSW"},{"@type":"BreadcrumbList","@id":"https:\/\/casalcatalansw.com\/en\/producte\/samarreta-dona-del-casal\/#breadcrumb","itemListElement":[{"@type":"ListItem","position":1,"name":"Inici","item":"https:\/\/casalcatalansw.com\/en\/home\/"},{"@type":"ListItem","position":2,"name":"Shop","item":"https:\/\/casalcatalansw.com\/en\/shop\/"},{"@type":"ListItem","position":3,"name":"2020 Samarreta UNISEX entallada"}]},{"@type":"WebSite","@id":"https:\/\/casalcatalansw.com\/en\/#website","url":"https:\/\/casalcatalansw.com\/en\/","name":"Casal Catal\u00e0 New South Wales","description":"","potentialAction":[{"@type":"SearchAction","target":{"@type":"EntryPoint","urlTemplate":"https:\/\/casalcatalansw.com\/en\/?s={search_term_string}"},"query-input":{"@type":"PropertyValueSpecification","valueRequired":true,"valueName":"search_term_string"}}],"inLanguage":"en-US"}]}},"_links":{"self":[{"href":"https:\/\/casalcatalansw.com\/en\/wp-json\/wp\/v2\/product\/2050","targetHints":{"allow":["GET"]}}],"collection":[{"href":"https:\/\/casalcatalansw.com\/en\/wp-json\/wp\/v2\/product"}],"about":[{"href":"https:\/\/casalcatalansw.com\/en\/wp-json\/wp\/v2\/types\/product"}],"replies":[{"embeddable":true,"href":"https:\/\/casalcatalansw.com\/en\/wp-json\/wp\/v2\/comments?post=2050"}],"wp:featuredmedia":[{"embeddable":true,"href":"https:\/\/casalcatalansw.com\/en\/wp-json\/wp\/v2\/media\/2051"}],"wp:attachment":[{"href":"https:\/\/casalcatalansw.com\/en\/wp-json\/wp\/v2\/media?parent=2050"}],"wp:term":[{"taxonomy":"product_brand","embeddable":true,"href":"https:\/\/casalcatalansw.com\/en\/wp-json\/wp\/v2\/product_brand?post=2050"},{"taxonomy":"product_cat","embeddable":true,"href":"https:\/\/casalcatalansw.com\/en\/wp-json\/wp\/v2\/product_cat?post=2050"},{"taxonomy":"product_tag","embeddable":true,"href":"https:\/\/casalcatalansw.com\/en\/wp-json\/wp\/v2\/product_tag?post=2050"}],"curies":[{"name":"wp","href":"https:\/\/api.w.org\/{rel}","templated":true}]}}