{"id":3609,"date":"2022-03-28T11:52:15","date_gmt":"2022-03-28T00:52:15","guid":{"rendered":"https:\/\/casalcatalansw.com\/the-committee\/"},"modified":"2024-10-27T17:18:01","modified_gmt":"2024-10-27T06:18:01","slug":"the-committee","status":"publish","type":"page","link":"https:\/\/casalcatalansw.com\/en\/the-committee\/","title":{"rendered":"The Committee"},"content":{"rendered":"<p>[et_pb_section fb_built=&#8221;1&#8243; _builder_version=&#8221;4.16&#8243; _module_preset=&#8221;default&#8221; global_colors_info=&#8221;{}&#8221;][et_pb_row _builder_version=&#8221;4.16&#8243; _module_preset=&#8221;default&#8221; global_colors_info=&#8221;{}&#8221;][et_pb_column type=&#8221;4_4&#8243; _builder_version=&#8221;4.16&#8243; _module_preset=&#8221;default&#8221; global_colors_info=&#8221;{}&#8221;][et_pb_post_title meta=&#8221;off&#8221; featured_image=&#8221;off&#8221; _builder_version=&#8221;4.16&#8243; _module_preset=&#8221;default&#8221; animation_style=&#8221;slide&#8221; animation_direction=&#8221;left&#8221; global_colors_info=&#8221;{}&#8221;][\/et_pb_post_title][et_pb_text admin_label=&#8221;Text&#8221; _builder_version=&#8221;4.27.2&#8243; _module_preset=&#8221;default&#8221; animation_direction=&#8221;right&#8221; global_colors_info=&#8221;{}&#8221;]<\/p>\n<p class=\"p1\">The Committee of the Catalan Association of NSW is composed of a group of volunteers that dedicate part of their time to organise the <i>Casal<\/i>\u2019s events, and to push forward iniciatives that promote the Catalan culture, language and traditions in Australia. Any member of the <i>Casal<\/i> is welcome to be part of the Committee, which is currently formed by:<\/p>\n<p>[\/et_pb_text][\/et_pb_column][\/et_pb_row][et_pb_row column_structure=&#8221;1_4,3_4&#8243; _builder_version=&#8221;4.16&#8243; _module_preset=&#8221;default&#8221; max_width=&#8221;980px&#8221; global_colors_info=&#8221;{}&#8221;][et_pb_column type=&#8221;1_4&#8243; _builder_version=&#8221;4.16&#8243; _module_preset=&#8221;default&#8221; global_colors_info=&#8221;{}&#8221;][et_pb_code _builder_version=&#8221;4.16&#8243; _module_preset=&#8221;default&#8221; background_image=&#8221;https:\/\/nou.casalcatalansw.com\/wp-content\/uploads\/2021\/10\/Junta-CCNSW_4-Marjorie-Laburu_ok.jpg&#8221; background_position=&#8221;top_center&#8221; width=&#8221;250px&#8221; height=&#8221;250px&#8221; animation_style=&#8221;slide&#8221; animation_direction=&#8221;left&#8221; global_colors_info=&#8221;{}&#8221;]<!-- Squared Image -->[\/et_pb_code][\/et_pb_column][et_pb_column type=&#8221;3_4&#8243; _builder_version=&#8221;4.16&#8243; _module_preset=&#8221;default&#8221; global_colors_info=&#8221;{}&#8221;][et_pb_text _builder_version=&#8221;4.27.2&#8243; _module_preset=&#8221;default&#8221; text_font_size=&#8221;0.9em&#8221; custom_padding=&#8221;|||30px|false|false&#8221; animation_style=&#8221;slide&#8221; animation_direction=&#8221;right&#8221; global_colors_info=&#8221;{}&#8221;]<\/p>\n<p class=\"p1\"><b>Marjorie Laburu \u00b7 President<\/b><\/p>\n<p class=\"p1\">I was born in Toronto-Canada, during a big snow storm in November 1977 and, with only 3 years <span class=\"s1\">of age<\/span> my family and I moved to Olot. I imagine I might have nomad blood because of my parents so that\u2019s why we ended up moving to Sydney, of course, with a little help from my husband who received a job offer. I have two daughters, who I <span class=\"s1\">wanted to speak <\/span>perfect English, one is from 2009 and the other from 2011. I am in charge of the sale of books and merchandising and I am also very attached to the <i>Esplai<\/i> for kids.<\/p>\n<p class=\"p1\">You can find me at <a href=\"mailto:marjorie.laburu@casalcatalansw.com\"><span class=\"s2\">marjorie.laburu@casalcatalansw.com<\/span><\/a><\/p>\n<p>[\/et_pb_text][\/et_pb_column][\/et_pb_row][et_pb_row column_structure=&#8221;1_4,3_4&#8243; _builder_version=&#8221;4.16&#8243; _module_preset=&#8221;default&#8221; max_width=&#8221;980px&#8221; collapsed=&#8221;on&#8221; global_colors_info=&#8221;{}&#8221;][et_pb_column type=&#8221;1_4&#8243; _builder_version=&#8221;4.16&#8243; _module_preset=&#8221;default&#8221; global_colors_info=&#8221;{}&#8221;][et_pb_code _builder_version=&#8221;4.16&#8243; _module_preset=&#8221;default&#8221; background_image=&#8221;https:\/\/nou.casalcatalansw.com\/wp-content\/uploads\/2021\/10\/Junta-CCNSW_2-Raquel-Mun\u0303oz.jpg&#8221; background_position=&#8221;top_center&#8221; width=&#8221;250px&#8221; height=&#8221;250px&#8221; animation_style=&#8221;slide&#8221; animation_direction=&#8221;left&#8221; global_colors_info=&#8221;{}&#8221;]<!-- Squared Image -->[\/et_pb_code][\/et_pb_column][et_pb_column type=&#8221;3_4&#8243; _builder_version=&#8221;4.16&#8243; _module_preset=&#8221;default&#8221; global_colors_info=&#8221;{}&#8221;][et_pb_text _builder_version=&#8221;4.16&#8243; _module_preset=&#8221;default&#8221; text_font_size=&#8221;0.9em&#8221; custom_padding=&#8221;|||30px|false|false&#8221; animation_style=&#8221;slide&#8221; animation_direction=&#8221;right&#8221; global_colors_info=&#8221;{}&#8221;]<strong>Raquel Mu\u00f1oz Regn\u00e9 \u00b7 <\/strong><b>Vice-president and <\/b><span class=\"s1\"><b>Catalan<\/b><\/span><b> lessons coordinator<\/b><\/p>\n<p class=\"p1\">My name is Raquel Munoz Regne and I&#8217;m from Barcelona. I came here in 1997 with <span class=\"s1\">who&#8217;s<\/span> now my husband. We met in London working together as gardeners and that&#8217;s what we do here in Sydney. We have <span class=\"s1\">two<\/span> <span class=\"s1\">daughters,<\/span> and I always wanted them to be part of this <i>Casal<\/i> family and for them to know as many Catalan traditions as possible. Australia has treated me well, it&#8217;s a nice country to live in with lots of opportunities, especially for my profession.<\/p>\n<p class=\"p1\">I run the Catalan classes and you can contact me at\u00a0 <a href=\"mailto:raquel.munoz@casalcatalansw.com\"><span class=\"s2\">raquel.munoz@casalcatalansw.com<\/span><\/a><\/p>\n<p>[\/et_pb_text][\/et_pb_column][\/et_pb_row][et_pb_row column_structure=&#8221;1_4,3_4&#8243; _builder_version=&#8221;4.16&#8243; _module_preset=&#8221;default&#8221; max_width=&#8221;980px&#8221; collapsed=&#8221;on&#8221; global_colors_info=&#8221;{}&#8221;][et_pb_column type=&#8221;1_4&#8243; _builder_version=&#8221;4.16&#8243; _module_preset=&#8221;default&#8221; global_colors_info=&#8221;{}&#8221;][et_pb_code _builder_version=&#8221;4.16&#8243; _module_preset=&#8221;default&#8221; background_image=&#8221;https:\/\/nou.casalcatalansw.com\/wp-content\/uploads\/2021\/10\/Junta-CCNSW_1-Anna-Zamora.jpg&#8221; background_position=&#8221;top_center&#8221; width=&#8221;250px&#8221; height=&#8221;250px&#8221; animation_style=&#8221;slide&#8221; animation_direction=&#8221;left&#8221; global_colors_info=&#8221;{}&#8221;]<!-- Squared Image -->[\/et_pb_code][\/et_pb_column][et_pb_column type=&#8221;3_4&#8243; _builder_version=&#8221;4.16&#8243; _module_preset=&#8221;default&#8221; global_colors_info=&#8221;{}&#8221;][et_pb_text _builder_version=&#8221;4.16&#8243; _module_preset=&#8221;default&#8221; text_font_size=&#8221;0.9em&#8221; custom_padding=&#8221;|||30px|false|false&#8221; animation_style=&#8221;slide&#8221; animation_direction=&#8221;right&#8221; global_colors_info=&#8221;{}&#8221;]<strong>Annie Zamora \u00b7 Treasurer and Coordination <em>Esplai Infantil<\/em><\/strong><\/p>\n<p class=\"p1\">I&#8217;m Annie Zamora, I\u2019ve lived in Gr\u00e0cia (Barcelona) all my life. But one day we had the chance to come to work in Australia, and we didn\u2019t think twice! So we came here with a 3 year old son and our 10 month old twins (yes, hands full). From the first moment I fell in love with this country, especially with the intensity of the blue of its sky, and that in any corner you can plant a mat and enjoy a picnic surrounded by a stunning landscape. Thanks to the <em>Casal Catal\u00e0<\/em> in NSW, I was able to feel a little less away from home, and in it you will find me as a reference for l&#8217;<em>Esplai Infantil<\/em>.<\/p>\n<p>You can contact me regarding any information you may need at <span class=\"s1\"><a href=\"mailto:anna.zamora@casalcatalansw.com\">anna.zamora@casalcatalansw.com<\/a><\/span>[\/et_pb_text][\/et_pb_column][\/et_pb_row][et_pb_row column_structure=&#8221;1_4,3_4&#8243; _builder_version=&#8221;4.16&#8243; _module_preset=&#8221;default&#8221; max_width=&#8221;980px&#8221; collapsed=&#8221;off&#8221; global_colors_info=&#8221;{}&#8221;][et_pb_column type=&#8221;1_4&#8243; _builder_version=&#8221;4.16&#8243; _module_preset=&#8221;default&#8221; global_colors_info=&#8221;{}&#8221;][et_pb_code _builder_version=&#8221;4.16&#8243; _module_preset=&#8221;default&#8221; background_image=&#8221;https:\/\/nou.casalcatalansw.com\/wp-content\/uploads\/2021\/10\/Junta-CCNSW_1-Esteve-Mayolas-2.jpg&#8221; background_position=&#8221;top_center&#8221; width=&#8221;250px&#8221; height=&#8221;250px&#8221; animation_style=&#8221;slide&#8221; animation_direction=&#8221;left&#8221; global_colors_info=&#8221;{}&#8221;]<!-- Squared Image -->[\/et_pb_code][\/et_pb_column][et_pb_column type=&#8221;3_4&#8243; _builder_version=&#8221;4.16&#8243; _module_preset=&#8221;default&#8221; global_colors_info=&#8221;{}&#8221;][et_pb_text _builder_version=&#8221;4.27.2&#8243; _module_preset=&#8221;default&#8221; text_font_size=&#8221;0.9em&#8221; custom_padding=&#8221;|||30px|false|false&#8221; animation_style=&#8221;slide&#8221; animation_direction=&#8221;right&#8221; global_colors_info=&#8221;{}&#8221;]<\/p>\n<p><strong>Esteve Mayolas Rocha \u00b7 Grants<\/strong>\u00a0<\/p>\n<p>Born in Sant Pau d\u2019Ordal, Esteve spent his youth between Vilafranca del Pened\u00e8s and Barcelona, \u200b\u200buntil at the age of 33 he moved to Sydney. It&#8217;s been over a decade, and Esteve admits he&#8217;s fallen in love with this charming city. As president of the Casal Catal\u00e0 in NSW, Esteve says he is proud to be in charge of this new stage of the Casal, and to be able to contribute to the dissemination of our culture and language in Australia. You can contact him by writing to <a href=\"mailto:esteve.mayolas@casalcatalansw.com\">esteve.mayolas@casalcatalansw.com<\/a><\/p>\n<p>[\/et_pb_text][\/et_pb_column][\/et_pb_row][et_pb_row column_structure=&#8221;1_4,3_4&#8243; disabled_on=&#8221;on|on|on&#8221; _builder_version=&#8221;4.16&#8243; _module_preset=&#8221;default&#8221; max_width=&#8221;980px&#8221; disabled=&#8221;on&#8221; collapsed=&#8221;on&#8221; global_colors_info=&#8221;{}&#8221;][et_pb_column type=&#8221;1_4&#8243; _builder_version=&#8221;4.16&#8243; _module_preset=&#8221;default&#8221; global_colors_info=&#8221;{}&#8221;][et_pb_code _builder_version=&#8221;4.16&#8243; _module_preset=&#8221;default&#8221; background_image=&#8221;https:\/\/nou.casalcatalansw.com\/wp-content\/uploads\/2021\/10\/Junta-CCNSW_3-Gemma-Puig.jpg&#8221; background_position=&#8221;top_center&#8221; width=&#8221;250px&#8221; height=&#8221;250px&#8221; animation_style=&#8221;slide&#8221; animation_direction=&#8221;left&#8221; global_colors_info=&#8221;{}&#8221;]<!-- Squared Image -->[\/et_pb_code][\/et_pb_column][et_pb_column type=&#8221;3_4&#8243; _builder_version=&#8221;4.16&#8243; _module_preset=&#8221;default&#8221; global_colors_info=&#8221;{}&#8221;][et_pb_text admin_label=&#8221;Text&#8221; _builder_version=&#8221;4.16&#8243; _module_preset=&#8221;default&#8221; text_font_size=&#8221;0.9em&#8221; custom_padding=&#8221;|||30px|false|false&#8221; animation_style=&#8221;slide&#8221; animation_direction=&#8221;right&#8221; global_colors_info=&#8221;{}&#8221;]<strong>Gemma Puig i Panadero \u00b7 Tresoreria<\/strong><\/p>\n<p>S\u00f3c nascuda a Terrassa, on vaig viure fins que al 2015 vaig traslladar-me a Austr\u00e0lia per motius professionals. Aquell mateix any es va restablir el Casal Catal\u00e0 de NSW i no vaig dubtar a fer-me&#8217;n s\u00f2cia. Participar en el Casal m&#8217;ha perm\u00e8s entrar en contacte amb altres catalans i catalanes que com jo, volem seguir mantenint el lligam amb la nostra terra i la nostra cultura. Des del 2018 que en s\u00f3c la Tresorera. Porto els comptes del Casal, gestiono les subvencions que rebem del Departament d&#8217;Exteriors i les col\u00b7laboracions amb l&#8217;Ag\u00e8ncia Catalana de Turisme.<br \/>\nSi et puc ajudar, contacta&#8217;m a <a href=\"mailto:gemma.puig@casalcatalansw.com\">gemma.puig@casalcatalansw.com<\/a>[\/et_pb_text][\/et_pb_column][\/et_pb_row][et_pb_row column_structure=&#8221;1_4,3_4&#8243; disabled_on=&#8221;on|on|on&#8221; admin_label=&#8221;Row&#8221; _builder_version=&#8221;4.27.2&#8243; _module_preset=&#8221;default&#8221; max_width=&#8221;980px&#8221; disabled=&#8221;on&#8221; collapsed=&#8221;off&#8221; global_colors_info=&#8221;{}&#8221;][et_pb_column type=&#8221;1_4&#8243; _builder_version=&#8221;4.16&#8243; _module_preset=&#8221;default&#8221; global_colors_info=&#8221;{}&#8221;][et_pb_code _builder_version=&#8221;4.16&#8243; _module_preset=&#8221;default&#8221; background_image=&#8221;https:\/\/nou.casalcatalansw.com\/wp-content\/uploads\/2021\/10\/Junta-CCNSW_5-Merce-Pujol.jpg&#8221; background_position=&#8221;top_center&#8221; width=&#8221;250px&#8221; height=&#8221;250px&#8221; animation_style=&#8221;slide&#8221; animation_direction=&#8221;left&#8221; global_colors_info=&#8221;{}&#8221;]<!-- Squared Image -->[\/et_pb_code][\/et_pb_column][et_pb_column type=&#8221;3_4&#8243; _builder_version=&#8221;4.16&#8243; _module_preset=&#8221;default&#8221; global_colors_info=&#8221;{}&#8221;][et_pb_text _builder_version=&#8221;4.27.2&#8243; _module_preset=&#8221;default&#8221; text_font_size=&#8221;0.9em&#8221; custom_padding=&#8221;|||30px|false|false&#8221; animation_style=&#8221;slide&#8221; animation_direction=&#8221;right&#8221; global_colors_info=&#8221;{}&#8221;]<\/p>\n<p class=\"p1\"><b>Merc\u00e8 Pujol \u00b7 Comunications and web management<\/b><\/p>\n<p class=\"p1\">I was born in the middle of the Catalan countryside but I have lived abroad for the most part of my adult life. Los Angeles, Taiwan and now Sydney, I have always felt the need to be connected to my country and people. I love Australia&#8217;s powerful nature and wildlife, the young and positive spirit of this country and the mix of cultures living here. I enjoy being part of the Catalan association and teaching my two daughters to enjoy our culture, language and traditions. I&#8217;m in charge of managing the website and sending the newsletters.<\/p>\n<p class=\"p1\">You can reach me at <a href=\"mailto:merce.pujol@casalcatalansw.com\"><span class=\"s1\">merce.pujol@casalcatalansw.com<\/span><\/a><span class=\"Apple-converted-space\">\u00a0<\/span><\/p>\n<p>[\/et_pb_text][\/et_pb_column][\/et_pb_row][et_pb_row column_structure=&#8221;1_4,3_4&#8243; disabled_on=&#8221;on|on|on&#8221; _builder_version=&#8221;4.16&#8243; _module_preset=&#8221;default&#8221; max_width=&#8221;980px&#8221; disabled=&#8221;on&#8221; global_colors_info=&#8221;{}&#8221;][et_pb_column type=&#8221;1_4&#8243; _builder_version=&#8221;4.16&#8243; _module_preset=&#8221;default&#8221; global_colors_info=&#8221;{}&#8221;][et_pb_code _builder_version=&#8221;4.16&#8243; _module_preset=&#8221;default&#8221; background_image=&#8221;https:\/\/nou.casalcatalansw.com\/wp-content\/uploads\/2021\/10\/Junta-CCNSW_6-Imma-Mati\u0301as-1.jpeg&#8221; background_position=&#8221;top_center&#8221; width=&#8221;250px&#8221; height=&#8221;250px&#8221; animation_style=&#8221;slide&#8221; animation_direction=&#8221;left&#8221; global_colors_info=&#8221;{}&#8221;]<!-- Squared Image -->[\/et_pb_code][\/et_pb_column][et_pb_column type=&#8221;3_4&#8243; _builder_version=&#8221;4.16&#8243; _module_preset=&#8221;default&#8221; global_colors_info=&#8221;{}&#8221;][et_pb_text _builder_version=&#8221;4.16&#8243; _module_preset=&#8221;default&#8221; text_font_size=&#8221;0.9em&#8221; custom_padding=&#8221;|||30px|false|false&#8221; animation_style=&#8221;slide&#8221; animation_direction=&#8221;right&#8221; global_colors_info=&#8221;{}&#8221;]<\/p>\n<p class=\"p1\"><b>Imma Matias \u00b7 Translation and proofreading<\/b><\/p>\n<p class=\"p1\">After residing in Ireland, England -my terrible English at the time required a big boost- and Switzerland, I ended up in Australia searching -and finding- sushine and good vibes, amongst others. Souls are complex entities, they manage to make somehow compatible the explorer\u2019s side of one-self and the longing for one\u2019s home place. My way of making sure that this dichotomy won\u2019t split me in half is by being an active member of the Catalan Association of NSW and this enriching Catalan-Australian community. By lending a hand in the import and expansion of the Catalan culture, language and traditions in this wonderful land.<\/p>\n<p class=\"p1\">If I can be of any help, send me an email at <a href=\"mailto:imma.matias@casalcatala.nsw\"><span class=\"s1\">imma.matias@casalcatala.nsw<\/span><\/a><span class=\"Apple-converted-space\">\u00a0<\/span><\/p>\n<p>[\/et_pb_text][\/et_pb_column][\/et_pb_row][et_pb_row column_structure=&#8221;1_4,3_4&#8243; _builder_version=&#8221;4.16&#8243; _module_preset=&#8221;default&#8221; max_width=&#8221;980px&#8221; global_colors_info=&#8221;{}&#8221;][et_pb_column type=&#8221;1_4&#8243; _builder_version=&#8221;4.16&#8243; _module_preset=&#8221;default&#8221; global_colors_info=&#8221;{}&#8221;][et_pb_code _builder_version=&#8221;4.16&#8243; _module_preset=&#8221;default&#8221; background_image=&#8221;https:\/\/casalcatalansw.com\/wp-content\/uploads\/2022\/03\/Junta-CCNSW_7-Cesc-Gomis-scaled.jpg&#8221; background_position=&#8221;top_center&#8221; width=&#8221;250px&#8221; height=&#8221;250px&#8221; animation_style=&#8221;slide&#8221; animation_direction=&#8221;left&#8221; global_colors_info=&#8221;{}&#8221;]<!-- Squared Image -->[\/et_pb_code][\/et_pb_column][et_pb_column type=&#8221;3_4&#8243; _builder_version=&#8221;4.16&#8243; _module_preset=&#8221;default&#8221; global_colors_info=&#8221;{}&#8221;][et_pb_text _builder_version=&#8221;4.16&#8243; _module_preset=&#8221;default&#8221; text_font_size=&#8221;0.9em&#8221; custom_padding=&#8221;|||30px|false|false&#8221; animation_style=&#8221;slide&#8221; animation_direction=&#8221;right&#8221; global_colors_info=&#8221;{}&#8221;]<\/p>\n<p class=\"p1\"><b>Cesc\u00a0 Gomis \u00b7 Coordination with Sydney Human Towers<\/b><\/p>\n<p dir=\"ltr\">I was born and grew up in Alcover (Tarrago\u00adna) until I moved to Barcelona to study Industrial Engineeri\u00adng. There I met Mart\u00ada, with who I fell in lo\u00adve, even though I often had her away because she was tr\u00adaveling a lot because of her wo\u00adrk.<br \/>\nTogether we had a boy and two girls, Ser\u00adgi, Ainhoa \u200b\u200band Elsa, who speak a perfect catasplanglish.<br \/>\nIn 2012 we came up with the brilliant id\u00adea of \u200b\u200bcoming to Au\u00adstralia to improve our pathetic English and to know another culture very differ\u00adent from ours. It wa\u00adsn&#8217;t until two years later that we stepp\u00aded on Sydney, which we loved from the very first moment.<br \/>\nI miss the family, our places and traditions, but thanks goodness I have the Ca\u00adsal Catal\u00e0 and Sydney Human Towers that fill part of this gap.<\/p>\n<p dir=\"ltr\">I&#8217;m at <a href=\"mailto:cesc.gomis@casalcatalansw.com\">cesc.gomis@casalcatalansw.com<\/a><\/p>\n<p>[\/et_pb_text][\/et_pb_column][\/et_pb_row][\/et_pb_section]<\/p>\n<span class=\"et_bloom_bottom_trigger\"><\/span>","protected":false},"excerpt":{"rendered":"<p>The Committee of the Catalan Association of NSW is composed of a group of volunteers that dedicate part of their time to organise the Casal\u2019s events, and to push forward iniciatives that promote the Catalan culture, language and traditions in Australia. Any member of the Casal is welcome to be part of the Committee, which [&hellip;]<\/p>\n","protected":false},"author":2,"featured_media":0,"parent":0,"menu_order":0,"comment_status":"closed","ping_status":"closed","template":"","meta":{"_acf_changed":false,"nf_dc_page":"","_et_pb_use_builder":"on","_et_pb_old_content":"","_et_gb_content_width":"","inline_featured_image":false,"footnotes":""},"class_list":["post-3609","page","type-page","status-publish","hentry"],"acf":[],"yoast_head":"<!-- This site is optimized with the Yoast SEO plugin v27.4 - https:\/\/yoast.com\/product\/yoast-seo-wordpress\/ -->\n<title>The Committee - Casal Catal\u00e0 New South Wales<\/title>\n<meta name=\"robots\" content=\"index, follow, max-snippet:-1, max-image-preview:large, max-video-preview:-1\" \/>\n<link rel=\"canonical\" href=\"https:\/\/casalcatalansw.com\/en\/the-committee\/\" \/>\n<meta property=\"og:locale\" content=\"en_US\" \/>\n<meta property=\"og:type\" content=\"article\" \/>\n<meta property=\"og:title\" content=\"The Committee - Casal Catal\u00e0 New South Wales\" \/>\n<meta property=\"og:description\" content=\"The Committee of the Catalan Association of NSW is composed of a group of volunteers that dedicate part of their time to organise the Casal\u2019s events, and to push forward iniciatives that promote the Catalan culture, language and traditions in Australia. Any member of the Casal is welcome to be part of the Committee, which [&hellip;]\" \/>\n<meta property=\"og:url\" content=\"https:\/\/casalcatalansw.com\/en\/the-committee\/\" \/>\n<meta property=\"og:site_name\" content=\"Casal Catal\u00e0 New South Wales\" \/>\n<meta property=\"article:modified_time\" content=\"2024-10-27T06:18:01+00:00\" \/>\n<meta name=\"twitter:card\" content=\"summary_large_image\" \/>\n<meta name=\"twitter:label1\" content=\"Est. reading time\" \/>\n\t<meta name=\"twitter:data1\" content=\"10 minutes\" \/>\n<script type=\"application\/ld+json\" class=\"yoast-schema-graph\">{\"@context\":\"https:\\\/\\\/schema.org\",\"@graph\":[{\"@type\":\"WebPage\",\"@id\":\"https:\\\/\\\/casalcatalansw.com\\\/en\\\/the-committee\\\/\",\"url\":\"https:\\\/\\\/casalcatalansw.com\\\/en\\\/the-committee\\\/\",\"name\":\"The Committee - Casal Catal\u00e0 New South Wales\",\"isPartOf\":{\"@id\":\"https:\\\/\\\/casalcatalansw.com\\\/en\\\/#website\"},\"datePublished\":\"2022-03-28T00:52:15+00:00\",\"dateModified\":\"2024-10-27T06:18:01+00:00\",\"breadcrumb\":{\"@id\":\"https:\\\/\\\/casalcatalansw.com\\\/en\\\/the-committee\\\/#breadcrumb\"},\"inLanguage\":\"en-US\",\"potentialAction\":[{\"@type\":\"ReadAction\",\"target\":[\"https:\\\/\\\/casalcatalansw.com\\\/en\\\/the-committee\\\/\"]}]},{\"@type\":\"BreadcrumbList\",\"@id\":\"https:\\\/\\\/casalcatalansw.com\\\/en\\\/the-committee\\\/#breadcrumb\",\"itemListElement\":[{\"@type\":\"ListItem\",\"position\":1,\"name\":\"Inici\",\"item\":\"https:\\\/\\\/casalcatalansw.com\\\/en\\\/home\\\/\"},{\"@type\":\"ListItem\",\"position\":2,\"name\":\"The Committee\"}]},{\"@type\":\"WebSite\",\"@id\":\"https:\\\/\\\/casalcatalansw.com\\\/en\\\/#website\",\"url\":\"https:\\\/\\\/casalcatalansw.com\\\/en\\\/\",\"name\":\"Casal Catal\u00e0 New South Wales\",\"description\":\"\",\"potentialAction\":[{\"@type\":\"SearchAction\",\"target\":{\"@type\":\"EntryPoint\",\"urlTemplate\":\"https:\\\/\\\/casalcatalansw.com\\\/en\\\/?s={search_term_string}\"},\"query-input\":{\"@type\":\"PropertyValueSpecification\",\"valueRequired\":true,\"valueName\":\"search_term_string\"}}],\"inLanguage\":\"en-US\"}]}<\/script>\n<!-- \/ Yoast SEO plugin. -->","yoast_head_json":{"title":"The Committee - Casal Catal\u00e0 New South Wales","robots":{"index":"index","follow":"follow","max-snippet":"max-snippet:-1","max-image-preview":"max-image-preview:large","max-video-preview":"max-video-preview:-1"},"canonical":"https:\/\/casalcatalansw.com\/en\/the-committee\/","og_locale":"en_US","og_type":"article","og_title":"The Committee - Casal Catal\u00e0 New South Wales","og_description":"The Committee of the Catalan Association of NSW is composed of a group of volunteers that dedicate part of their time to organise the Casal\u2019s events, and to push forward iniciatives that promote the Catalan culture, language and traditions in Australia. Any member of the Casal is welcome to be part of the Committee, which [&hellip;]","og_url":"https:\/\/casalcatalansw.com\/en\/the-committee\/","og_site_name":"Casal Catal\u00e0 New South Wales","article_modified_time":"2024-10-27T06:18:01+00:00","twitter_card":"summary_large_image","twitter_misc":{"Est. reading time":"10 minutes"},"schema":{"@context":"https:\/\/schema.org","@graph":[{"@type":"WebPage","@id":"https:\/\/casalcatalansw.com\/en\/the-committee\/","url":"https:\/\/casalcatalansw.com\/en\/the-committee\/","name":"The Committee - Casal Catal\u00e0 New South Wales","isPartOf":{"@id":"https:\/\/casalcatalansw.com\/en\/#website"},"datePublished":"2022-03-28T00:52:15+00:00","dateModified":"2024-10-27T06:18:01+00:00","breadcrumb":{"@id":"https:\/\/casalcatalansw.com\/en\/the-committee\/#breadcrumb"},"inLanguage":"en-US","potentialAction":[{"@type":"ReadAction","target":["https:\/\/casalcatalansw.com\/en\/the-committee\/"]}]},{"@type":"BreadcrumbList","@id":"https:\/\/casalcatalansw.com\/en\/the-committee\/#breadcrumb","itemListElement":[{"@type":"ListItem","position":1,"name":"Inici","item":"https:\/\/casalcatalansw.com\/en\/home\/"},{"@type":"ListItem","position":2,"name":"The Committee"}]},{"@type":"WebSite","@id":"https:\/\/casalcatalansw.com\/en\/#website","url":"https:\/\/casalcatalansw.com\/en\/","name":"Casal Catal\u00e0 New South Wales","description":"","potentialAction":[{"@type":"SearchAction","target":{"@type":"EntryPoint","urlTemplate":"https:\/\/casalcatalansw.com\/en\/?s={search_term_string}"},"query-input":{"@type":"PropertyValueSpecification","valueRequired":true,"valueName":"search_term_string"}}],"inLanguage":"en-US"}]}},"_links":{"self":[{"href":"https:\/\/casalcatalansw.com\/en\/wp-json\/wp\/v2\/pages\/3609","targetHints":{"allow":["GET"]}}],"collection":[{"href":"https:\/\/casalcatalansw.com\/en\/wp-json\/wp\/v2\/pages"}],"about":[{"href":"https:\/\/casalcatalansw.com\/en\/wp-json\/wp\/v2\/types\/page"}],"author":[{"embeddable":true,"href":"https:\/\/casalcatalansw.com\/en\/wp-json\/wp\/v2\/users\/2"}],"replies":[{"embeddable":true,"href":"https:\/\/casalcatalansw.com\/en\/wp-json\/wp\/v2\/comments?post=3609"}],"version-history":[{"count":5,"href":"https:\/\/casalcatalansw.com\/en\/wp-json\/wp\/v2\/pages\/3609\/revisions"}],"predecessor-version":[{"id":5408,"href":"https:\/\/casalcatalansw.com\/en\/wp-json\/wp\/v2\/pages\/3609\/revisions\/5408"}],"wp:attachment":[{"href":"https:\/\/casalcatalansw.com\/en\/wp-json\/wp\/v2\/media?parent=3609"}],"curies":[{"name":"wp","href":"https:\/\/api.w.org\/{rel}","templated":true}]}}